{"id":11,"date":"2023-12-16T12:06:50","date_gmt":"2023-12-16T12:06:50","guid":{"rendered":"https:\/\/guldbrandsenulrich.dk\/?page_id=11"},"modified":"2023-12-18T06:40:30","modified_gmt":"2023-12-18T06:40:30","slug":"hjem","status":"publish","type":"page","link":"https:\/\/guldbrandsenulrich.dk\/","title":{"rendered":"VI skal giftes!"},"content":{"rendered":"\n<figure class=\"wp-block-image size-large\"><img loading=\"lazy\" decoding=\"async\" width=\"1024\" height=\"674\" src=\"https:\/\/guldbrandsenulrich.dk\/wp-content\/uploads\/2023\/12\/117645313_655349375397403_4922906464825434081_n-1-1024x674.jpeg\" alt=\"\" class=\"wp-image-54\" srcset=\"https:\/\/guldbrandsenulrich.dk\/wp-content\/uploads\/2023\/12\/117645313_655349375397403_4922906464825434081_n-1-1024x674.jpeg 1024w, https:\/\/guldbrandsenulrich.dk\/wp-content\/uploads\/2023\/12\/117645313_655349375397403_4922906464825434081_n-1-300x198.jpeg 300w, https:\/\/guldbrandsenulrich.dk\/wp-content\/uploads\/2023\/12\/117645313_655349375397403_4922906464825434081_n-1-768x506.jpeg 768w, https:\/\/guldbrandsenulrich.dk\/wp-content\/uploads\/2023\/12\/117645313_655349375397403_4922906464825434081_n-1.jpeg 1440w\" sizes=\"auto, (max-width: 1024px) 100vw, 1024px\" \/><\/figure>\n\n\n\n<h1 class=\"wp-block-heading\"><kbd>VI SKAL GIFTES!<\/kbd><\/h1>\n\n\n\n<p><kbd>Det skal fejres og I skal med!<\/kbd><\/p>\n\n\n\n<h1 class=\"wp-block-heading\"><kbd>Program:<\/kbd><\/h1>\n\n\n\n<p><kbd><strong>Vielse - kl 14:00<br><\/strong>Frederikssund Kirke<br><a href=\"https:\/\/www.google.com\/maps\/place\/Ved+Kirken+8,+3600+Frederikssund\/@55.8386677,12.0667301,17z\/data=!3m1!4b1!4m6!3m5!1s0x4652691c5dabca31:0x3692ca83111e2482!8m2!3d55.8386677!4d12.069305!16s%2Fg%2F11c15j8n5h?entry=ttu\" data-type=\"link\" data-id=\"https:\/\/www.google.com\/maps\/place\/Ved+Kirken+8,+3600+Frederikssund\/@55.8386677,12.0667301,17z\/data=!3m1!4b1!4m6!3m5!1s0x4652691c5dabca31:0x3692ca83111e2482!8m2!3d55.8386677!4d12.069305!16s%2Fg%2F11c15j8n5h?entry=ttu\">Ved Kirken 8, 3600 Frederikssund<\/a><\/kbd><\/p>\n\n\n\n<p><kbd><strong>Reception - efter vielsen<br><\/strong><a href=\"https:\/\/www.google.com\/maps\/place\/Falkenborgvej+3B,+3600+Frederikssund\/@55.8440064,12.0613864,17z\/data=!3m1!4b1!4m6!3m5!1s0x4652691853594521:0x583c5dda7b7efb5b!8m2!3d55.8440064!4d12.0639613!16s%2Fg%2F11c4trlw1y?entry=ttu\" data-type=\"link\" data-id=\"https:\/\/www.google.com\/maps\/place\/Falkenborgvej+3B,+3600+Frederikssund\/@55.8440064,12.0613864,17z\/data=!3m1!4b1!4m6!3m5!1s0x4652691853594521:0x583c5dda7b7efb5b!8m2!3d55.8440064!4d12.0639613!16s%2Fg%2F11c4trlw1y?entry=ttu\">Falkenborgvej 3B - 3600 Frederikssund<\/a><\/kbd><\/p>\n\n\n\n<p><kbd><strong>Middag og fest kl 18:00<br><\/strong><a href=\"https:\/\/www.google.com\/maps\/place\/Falkenborgvej+3B,+3600+Frederikssund\/@55.8440064,12.0613864,17z\/data=!3m1!4b1!4m6!3m5!1s0x4652691853594521:0x583c5dda7b7efb5b!8m2!3d55.8440064!4d12.0639613!16s%2Fg%2F11c4trlw1y?entry=ttu\" data-type=\"link\" data-id=\"https:\/\/www.google.com\/maps\/place\/Falkenborgvej+3B,+3600+Frederikssund\/@55.8440064,12.0613864,17z\/data=!3m1!4b1!4m6!3m5!1s0x4652691853594521:0x583c5dda7b7efb5b!8m2!3d55.8440064!4d12.0639613!16s%2Fg%2F11c4trlw1y?entry=ttu\">Falkenborgvej 3B - 3600 Frederikssund<\/a><\/kbd><\/p>\n\n\n\n<p><kbd><strong>Morgenmad og highfives kl 09:00<br><\/strong><a href=\"https:\/\/www.google.com\/maps\/place\/Falkenborgvej+3B,+3600+Frederikssund\/@55.8440064,12.0613864,17z\/data=!3m1!4b1!4m6!3m5!1s0x4652691853594521:0x583c5dda7b7efb5b!8m2!3d55.8440064!4d12.0639613!16s%2Fg%2F11c4trlw1y?entry=ttu\" data-type=\"link\" data-id=\"https:\/\/www.google.com\/maps\/place\/Falkenborgvej+3B,+3600+Frederikssund\/@55.8440064,12.0613864,17z\/data=!3m1!4b1!4m6!3m5!1s0x4652691853594521:0x583c5dda7b7efb5b!8m2!3d55.8440064!4d12.0639613!16s%2Fg%2F11c4trlw1y?entry=ttu\">Falkenborgvej 3B - 3600 Frederikssund<\/a><\/kbd><\/p>\n\n\n\n<p><em><kbd>Alle er hjertelige velkomne i kirken og til receptionen, men festen er for voksne.<\/kbd><\/em><\/p>\n\n\n\n<h1 class=\"wp-block-heading\"><kbd>Toastmaster:<\/kbd><\/h1>\n\n\n\n<p><kbd><strong>Bob Bohlbro Kyhn<\/strong> - 31129322<\/kbd><\/p>\n\n\n\n<figure class=\"wp-block-image size-large\"><img loading=\"lazy\" decoding=\"async\" width=\"819\" height=\"1024\" src=\"https:\/\/guldbrandsenulrich.dk\/wp-content\/uploads\/2023\/12\/jije-1-819x1024.jpeg\" alt=\"\" class=\"wp-image-38\" srcset=\"https:\/\/guldbrandsenulrich.dk\/wp-content\/uploads\/2023\/12\/jije-1-819x1024.jpeg 819w, https:\/\/guldbrandsenulrich.dk\/wp-content\/uploads\/2023\/12\/jije-1-240x300.jpeg 240w, https:\/\/guldbrandsenulrich.dk\/wp-content\/uploads\/2023\/12\/jije-1-768x960.jpeg 768w, https:\/\/guldbrandsenulrich.dk\/wp-content\/uploads\/2023\/12\/jije-1-1229x1536.jpeg 1229w, https:\/\/guldbrandsenulrich.dk\/wp-content\/uploads\/2023\/12\/jije-1.jpeg 1440w\" sizes=\"auto, (max-width: 819px) 100vw, 819px\" \/><\/figure>\n\n\n\n<h1 class=\"wp-block-heading\"><kbd>Overnatning:<\/kbd><\/h1>\n\n\n\n<p><kbd>Frederikssund er danmarks svar p\u00e5 \"byen der aldrig sover\", dette ses tyde p\u00e5 antallet af hotelv\u00e6relser. <\/kbd><\/p>\n\n\n\n<p><kbd>Muligheder: <\/kbd><\/p>\n\n\n\n<p><em><kbd>Tag et telt med, vi har f\u00e5et lov til at benytte et stort gr\u00f8nt omr\u00e5de bag vores.<\/kbd><\/em><\/p>\n\n\n\n<p><em><kbd>En kort (for k\u00f8benhavnerne en meget lang) taxatur herfra, findes der kroer og hoteller.<\/kbd><\/em><\/p>\n\n\n\n<p><em><kbd>Nemmest og billigst bliv og fest med os hele natten, s\u00e5 fragter De Danske Statsbaner jer sikkert hjem - TIL TIDEN!<\/kbd><\/em><\/p>\n\n\n\n<figure class=\"wp-block-image size-large\"><img loading=\"lazy\" decoding=\"async\" width=\"665\" height=\"1024\" src=\"https:\/\/guldbrandsenulrich.dk\/wp-content\/uploads\/2023\/12\/image1-2-665x1024.jpeg\" alt=\"\" class=\"wp-image-39\" srcset=\"https:\/\/guldbrandsenulrich.dk\/wp-content\/uploads\/2023\/12\/image1-2-665x1024.jpeg 665w, https:\/\/guldbrandsenulrich.dk\/wp-content\/uploads\/2023\/12\/image1-2-195x300.jpeg 195w, https:\/\/guldbrandsenulrich.dk\/wp-content\/uploads\/2023\/12\/image1-2-768x1182.jpeg 768w, https:\/\/guldbrandsenulrich.dk\/wp-content\/uploads\/2023\/12\/image1-2-998x1536.jpeg 998w, https:\/\/guldbrandsenulrich.dk\/wp-content\/uploads\/2023\/12\/image1-2.jpeg 1147w\" sizes=\"auto, (max-width: 665px) 100vw, 665px\" \/><\/figure>\n\n\n\n<h1 class=\"wp-block-heading\"><kbd>SU: <\/kbd><\/h1>\n\n\n\n<h3 class=\"wp-block-heading\"><kbd>Senest d. 15. Juli - 2024 <\/kbd><\/h3>\n\n\n\n<p><strong><kbd>Jill - 26969551<\/kbd><\/strong><\/p>\n\n\n\n<p><strong><kbd>Jesper - 61667079<\/kbd><\/strong><\/p>\n\n\n\n<figure class=\"wp-block-image size-large\"><img loading=\"lazy\" decoding=\"async\" width=\"1024\" height=\"643\" src=\"https:\/\/guldbrandsenulrich.dk\/wp-content\/uploads\/2023\/12\/Screenshot_20200521-1742352-2-1024x643.jpeg\" alt=\"\" class=\"wp-image-59\" srcset=\"https:\/\/guldbrandsenulrich.dk\/wp-content\/uploads\/2023\/12\/Screenshot_20200521-1742352-2-1024x643.jpeg 1024w, https:\/\/guldbrandsenulrich.dk\/wp-content\/uploads\/2023\/12\/Screenshot_20200521-1742352-2-300x188.jpeg 300w, https:\/\/guldbrandsenulrich.dk\/wp-content\/uploads\/2023\/12\/Screenshot_20200521-1742352-2-768x482.jpeg 768w, https:\/\/guldbrandsenulrich.dk\/wp-content\/uploads\/2023\/12\/Screenshot_20200521-1742352-2.jpeg 1080w\" sizes=\"auto, (max-width: 1024px) 100vw, 1024px\" \/><\/figure>\n\n\n\n<h1 class=\"wp-block-heading\"><kbd>Billeder fra dagen<\/kbd>:<\/h1>\n\n\n\n<p><kbd>Vi deler en mappe med jer n\u00e5r vi n\u00e6rmer os,  i den mappe m\u00e5 i gerne dele de billeder i tager i forbindelse med vores bryllup.<\/kbd><\/p>\n\n\n\n<p><kbd>Alle delte billeder kan ses via dette link:<\/kbd><\/p>\n\n\n\n<p><kbd> <a href=\"https:\/\/www.icloud.com\/sharedalbum\/da-dk\/#B0xJtdOXm3aJl1\">https:\/\/www.icloud.com\/sharedalbum\/da-dk\/#B0xJtdOXm3aJl1<\/a>  <\/kbd><\/p>\n\n\n\n<h1 class=\"wp-block-heading\"><kbd>Allergier mm:<\/kbd><\/h1>\n\n\n\n<p><kbd>I er inviteret til vores dr\u00f8mmefest<\/kbd>, det bliver det kun hvis alle har det godt. Derfor vil vi gerne vide, hvis der er noget vi skal tage h\u00f8jde for.<\/p>\n\n\n\n<h1 class=\"wp-block-heading\"><kbd>\u00d8nskeliste<\/kbd>:<\/h1>\n\n\n\n<figure class=\"wp-block-image size-large is-resized\"><img loading=\"lazy\" decoding=\"async\" width=\"1024\" height=\"726\" src=\"https:\/\/guldbrandsenulrich.dk\/wp-content\/uploads\/2023\/12\/nskeliste1-1024x726.jpeg\" alt=\"\" class=\"wp-image-68\" style=\"width:620px;height:auto\" srcset=\"https:\/\/guldbrandsenulrich.dk\/wp-content\/uploads\/2023\/12\/nskeliste1-1024x726.jpeg 1024w, https:\/\/guldbrandsenulrich.dk\/wp-content\/uploads\/2023\/12\/nskeliste1-300x213.jpeg 300w, https:\/\/guldbrandsenulrich.dk\/wp-content\/uploads\/2023\/12\/nskeliste1-768x545.jpeg 768w, https:\/\/guldbrandsenulrich.dk\/wp-content\/uploads\/2023\/12\/nskeliste1-1536x1090.jpeg 1536w, https:\/\/guldbrandsenulrich.dk\/wp-content\/uploads\/2023\/12\/nskeliste1-1568x1112.jpeg 1568w, https:\/\/guldbrandsenulrich.dk\/wp-content\/uploads\/2023\/12\/nskeliste1.jpeg 1748w\" sizes=\"auto, (max-width: 1024px) 100vw, 1024px\" \/><\/figure>\n","protected":false},"excerpt":{"rendered":"<p>VI SKAL GIFTES! Det skal fejres og I skal med! Program: Vielse &#8211; kl 14:00Frederikssund KirkeVed Kirken 8, 3600 Frederikssund Reception &#8211; efter vielsenFalkenborgvej 3B &#8211; 3600 Frederikssund Middag og fest kl 18:00Falkenborgvej 3B &#8211; 3600 Frederikssund Morgenmad og highfives kl 09:00Falkenborgvej 3B &#8211; 3600 Frederikssund Alle er hjertelige velkomne i kirken og til receptionen,<a class=\"more-link\" href=\"https:\/\/guldbrandsenulrich.dk\/\">Continue reading <span class=\"screen-reader-text\">&#8220;VI skal giftes!&#8221;<\/span><\/a><\/p>\n","protected":false},"author":1,"featured_media":0,"parent":0,"menu_order":0,"comment_status":"closed","ping_status":"closed","template":"","meta":{"footnotes":""},"class_list":["post-11","page","type-page","status-publish","hentry","entry"],"_links":{"self":[{"href":"https:\/\/guldbrandsenulrich.dk\/index.php\/wp-json\/wp\/v2\/pages\/11","targetHints":{"allow":["GET"]}}],"collection":[{"href":"https:\/\/guldbrandsenulrich.dk\/index.php\/wp-json\/wp\/v2\/pages"}],"about":[{"href":"https:\/\/guldbrandsenulrich.dk\/index.php\/wp-json\/wp\/v2\/types\/page"}],"author":[{"embeddable":true,"href":"https:\/\/guldbrandsenulrich.dk\/index.php\/wp-json\/wp\/v2\/users\/1"}],"replies":[{"embeddable":true,"href":"https:\/\/guldbrandsenulrich.dk\/index.php\/wp-json\/wp\/v2\/comments?post=11"}],"version-history":[{"count":22,"href":"https:\/\/guldbrandsenulrich.dk\/index.php\/wp-json\/wp\/v2\/pages\/11\/revisions"}],"predecessor-version":[{"id":72,"href":"https:\/\/guldbrandsenulrich.dk\/index.php\/wp-json\/wp\/v2\/pages\/11\/revisions\/72"}],"wp:attachment":[{"href":"https:\/\/guldbrandsenulrich.dk\/index.php\/wp-json\/wp\/v2\/media?parent=11"}],"curies":[{"name":"wp","href":"https:\/\/api.w.org\/{rel}","templated":true}]}}